{"id":16440,"date":"2023-12-20T15:21:08","date_gmt":"2023-12-20T13:21:08","guid":{"rendered":"https:\/\/iraurgiberritzen.eus\/?page_id=16440"},"modified":"2026-04-29T10:25:42","modified_gmt":"2026-04-29T08:25:42","slug":"portal-de-transparencia","status":"publish","type":"page","link":"https:\/\/iraurgiberritzen.eus\/es\/portal-de-transparencia\/","title":{"rendered":"Portal de transparencia"},"content":{"rendered":"<p>La Ley 19\/2013, de 9 de diciembre, de Transparencia, Acceso a la Informaci\u00f3n P\u00fablica y Buen Gobierno, establece en su art\u00edculo 2 que la Ley de Transparencia es de aplicaci\u00f3n a las entidades integradas por las Administraciones P\u00fablicas y Entes P\u00fablicos.<\/p>\n<p><strong>Iraurgi Lantzen S.A<\/strong>. es la denominaci\u00f3n social de esta sociedad fundada en 1.988 por los Ayuntamientos de Azkoitia y Azpeitia, con domicilio social en el Palacio Intsausti, Avda. Julio Urkijo 25, Azkoitia (20720).<\/p>\n<p><strong>Iraurgi Berritzen <\/strong>es en cambio el nombre o la marca comercial, la cual se cre\u00f3 en 2012.<\/p>\n<p>La entidad est\u00e1 inscrita en el Registro Mercantil, al Tomo 913, Folio 193 del Libro de Sociedades, Folio 10653, 1. Inscripci\u00f3n.<\/p>\n","protected":false},"excerpt":{"rendered":"<p>La Ley 19\/2013, de 9 de diciembre, de Transparencia, Acceso a la Informaci\u00f3n P\u00fablica y Buen Gobierno, establece en su art\u00edculo 2 que la Ley de Transparencia es de aplicaci\u00f3n a las entidades integradas por las Administraciones P\u00fablicas y Entes P\u00fablicos. Iraurgi Lantzen S.A. es la denominaci\u00f3n social de esta sociedad fundada en 1.988 por [&hellip;]<\/p>\n","protected":false},"author":1,"featured_media":16533,"parent":0,"menu_order":0,"comment_status":"closed","ping_status":"closed","template":"template-gardentasuna.php","meta":{"_acf_changed":false,"footnotes":""},"class_list":["post-16440","page","type-page","status-publish","has-post-thumbnail","hentry"],"acf":[],"yoast_head":"<!-- This site is optimized with the Yoast SEO plugin v27.4 - https:\/\/yoast.com\/product\/yoast-seo-wordpress\/ -->\n<title>Portal de transparencia - Iraurgi Berritzen<\/title>\n<meta name=\"robots\" content=\"index, follow, max-snippet:-1, max-image-preview:large, max-video-preview:-1\" \/>\n<link rel=\"canonical\" href=\"https:\/\/iraurgiberritzen.eus\/es\/portal-de-transparencia\/\" \/>\n<meta property=\"og:locale\" content=\"es_ES\" \/>\n<meta property=\"og:type\" content=\"article\" \/>\n<meta property=\"og:title\" content=\"Portal de transparencia - Iraurgi Berritzen\" \/>\n<meta property=\"og:description\" content=\"La Ley 19\/2013, de 9 de diciembre, de Transparencia, Acceso a la Informaci\u00f3n P\u00fablica y Buen Gobierno, establece en su art\u00edculo 2 que la Ley de Transparencia es de aplicaci\u00f3n a las entidades integradas por las Administraciones P\u00fablicas y Entes P\u00fablicos. Iraurgi Lantzen S.A. es la denominaci\u00f3n social de esta sociedad fundada en 1.988 por [&hellip;]\" \/>\n<meta property=\"og:url\" content=\"https:\/\/iraurgiberritzen.eus\/es\/portal-de-transparencia\/\" \/>\n<meta property=\"og:site_name\" content=\"Iraurgi Berritzen\" \/>\n<meta property=\"article:modified_time\" content=\"2026-04-29T08:25:42+00:00\" \/>\n<meta property=\"og:image\" content=\"https:\/\/iraurgiberritzen.eus\/wp-content\/uploads\/2023\/12\/2-7.png\" \/>\n\t<meta property=\"og:image:width\" content=\"2000\" \/>\n\t<meta property=\"og:image:height\" content=\"600\" \/>\n\t<meta property=\"og:image:type\" content=\"image\/png\" \/>\n<meta name=\"twitter:card\" content=\"summary_large_image\" \/>\n<meta name=\"twitter:label1\" content=\"Tiempo de lectura\" \/>\n\t<meta name=\"twitter:data1\" content=\"1 minuto\" \/>\n<script type=\"application\/ld+json\" class=\"yoast-schema-graph\">{\"@context\":\"https:\\\/\\\/schema.org\",\"@graph\":[{\"@type\":\"WebPage\",\"@id\":\"https:\\\/\\\/iraurgiberritzen.eus\\\/es\\\/portal-de-transparencia\\\/\",\"url\":\"https:\\\/\\\/iraurgiberritzen.eus\\\/es\\\/portal-de-transparencia\\\/\",\"name\":\"Portal de transparencia - Iraurgi Berritzen\",\"isPartOf\":{\"@id\":\"https:\\\/\\\/iraurgiberritzen.eus\\\/es\\\/#website\"},\"primaryImageOfPage\":{\"@id\":\"https:\\\/\\\/iraurgiberritzen.eus\\\/es\\\/portal-de-transparencia\\\/#primaryimage\"},\"image\":{\"@id\":\"https:\\\/\\\/iraurgiberritzen.eus\\\/es\\\/portal-de-transparencia\\\/#primaryimage\"},\"thumbnailUrl\":\"https:\\\/\\\/iraurgiberritzen.eus\\\/wp-content\\\/uploads\\\/2023\\\/12\\\/2-7.png\",\"datePublished\":\"2023-12-20T13:21:08+00:00\",\"dateModified\":\"2026-04-29T08:25:42+00:00\",\"breadcrumb\":{\"@id\":\"https:\\\/\\\/iraurgiberritzen.eus\\\/es\\\/portal-de-transparencia\\\/#breadcrumb\"},\"inLanguage\":\"es\",\"potentialAction\":[{\"@type\":\"ReadAction\",\"target\":[\"https:\\\/\\\/iraurgiberritzen.eus\\\/es\\\/portal-de-transparencia\\\/\"]}]},{\"@type\":\"ImageObject\",\"inLanguage\":\"es\",\"@id\":\"https:\\\/\\\/iraurgiberritzen.eus\\\/es\\\/portal-de-transparencia\\\/#primaryimage\",\"url\":\"https:\\\/\\\/iraurgiberritzen.eus\\\/wp-content\\\/uploads\\\/2023\\\/12\\\/2-7.png\",\"contentUrl\":\"https:\\\/\\\/iraurgiberritzen.eus\\\/wp-content\\\/uploads\\\/2023\\\/12\\\/2-7.png\",\"width\":2000,\"height\":600},{\"@type\":\"BreadcrumbList\",\"@id\":\"https:\\\/\\\/iraurgiberritzen.eus\\\/es\\\/portal-de-transparencia\\\/#breadcrumb\",\"itemListElement\":[{\"@type\":\"ListItem\",\"position\":1,\"name\":\"Home\",\"item\":\"https:\\\/\\\/iraurgiberritzen.eus\\\/es\\\/\"},{\"@type\":\"ListItem\",\"position\":2,\"name\":\"Portal de transparencia\"}]},{\"@type\":\"WebSite\",\"@id\":\"https:\\\/\\\/iraurgiberritzen.eus\\\/es\\\/#website\",\"url\":\"https:\\\/\\\/iraurgiberritzen.eus\\\/es\\\/\",\"name\":\"Iraurgi Berritzen\",\"description\":\"Urola Erdiko Garapen Agentzia\",\"publisher\":{\"@id\":\"https:\\\/\\\/iraurgiberritzen.eus\\\/es\\\/#organization\"},\"potentialAction\":[{\"@type\":\"SearchAction\",\"target\":{\"@type\":\"EntryPoint\",\"urlTemplate\":\"https:\\\/\\\/iraurgiberritzen.eus\\\/es\\\/?s={search_term_string}\"},\"query-input\":{\"@type\":\"PropertyValueSpecification\",\"valueRequired\":true,\"valueName\":\"search_term_string\"}}],\"inLanguage\":\"es\"},{\"@type\":\"Organization\",\"@id\":\"https:\\\/\\\/iraurgiberritzen.eus\\\/es\\\/#organization\",\"name\":\"Iraurgi Berritzen\",\"url\":\"https:\\\/\\\/iraurgiberritzen.eus\\\/es\\\/\",\"logo\":{\"@type\":\"ImageObject\",\"inLanguage\":\"es\",\"@id\":\"https:\\\/\\\/iraurgiberritzen.eus\\\/es\\\/#\\\/schema\\\/logo\\\/image\\\/\",\"url\":\"https:\\\/\\\/iraurgiberritzen.eus\\\/wp-content\\\/uploads\\\/2024\\\/02\\\/IRAURGI-BERRITZEN-logotipoa_2.png\",\"contentUrl\":\"https:\\\/\\\/iraurgiberritzen.eus\\\/wp-content\\\/uploads\\\/2024\\\/02\\\/IRAURGI-BERRITZEN-logotipoa_2.png\",\"width\":496,\"height\":190,\"caption\":\"Iraurgi Berritzen\"},\"image\":{\"@id\":\"https:\\\/\\\/iraurgiberritzen.eus\\\/es\\\/#\\\/schema\\\/logo\\\/image\\\/\"}}]}<\/script>\n<!-- \/ Yoast SEO plugin. -->","yoast_head_json":{"title":"Portal de transparencia - Iraurgi Berritzen","robots":{"index":"index","follow":"follow","max-snippet":"max-snippet:-1","max-image-preview":"max-image-preview:large","max-video-preview":"max-video-preview:-1"},"canonical":"https:\/\/iraurgiberritzen.eus\/es\/portal-de-transparencia\/","og_locale":"es_ES","og_type":"article","og_title":"Portal de transparencia - Iraurgi Berritzen","og_description":"La Ley 19\/2013, de 9 de diciembre, de Transparencia, Acceso a la Informaci\u00f3n P\u00fablica y Buen Gobierno, establece en su art\u00edculo 2 que la Ley de Transparencia es de aplicaci\u00f3n a las entidades integradas por las Administraciones P\u00fablicas y Entes P\u00fablicos. Iraurgi Lantzen S.A. es la denominaci\u00f3n social de esta sociedad fundada en 1.988 por [&hellip;]","og_url":"https:\/\/iraurgiberritzen.eus\/es\/portal-de-transparencia\/","og_site_name":"Iraurgi Berritzen","article_modified_time":"2026-04-29T08:25:42+00:00","og_image":[{"width":2000,"height":600,"url":"https:\/\/iraurgiberritzen.eus\/wp-content\/uploads\/2023\/12\/2-7.png","type":"image\/png"}],"twitter_card":"summary_large_image","twitter_misc":{"Tiempo de lectura":"1 minuto"},"schema":{"@context":"https:\/\/schema.org","@graph":[{"@type":"WebPage","@id":"https:\/\/iraurgiberritzen.eus\/es\/portal-de-transparencia\/","url":"https:\/\/iraurgiberritzen.eus\/es\/portal-de-transparencia\/","name":"Portal de transparencia - Iraurgi Berritzen","isPartOf":{"@id":"https:\/\/iraurgiberritzen.eus\/es\/#website"},"primaryImageOfPage":{"@id":"https:\/\/iraurgiberritzen.eus\/es\/portal-de-transparencia\/#primaryimage"},"image":{"@id":"https:\/\/iraurgiberritzen.eus\/es\/portal-de-transparencia\/#primaryimage"},"thumbnailUrl":"https:\/\/iraurgiberritzen.eus\/wp-content\/uploads\/2023\/12\/2-7.png","datePublished":"2023-12-20T13:21:08+00:00","dateModified":"2026-04-29T08:25:42+00:00","breadcrumb":{"@id":"https:\/\/iraurgiberritzen.eus\/es\/portal-de-transparencia\/#breadcrumb"},"inLanguage":"es","potentialAction":[{"@type":"ReadAction","target":["https:\/\/iraurgiberritzen.eus\/es\/portal-de-transparencia\/"]}]},{"@type":"ImageObject","inLanguage":"es","@id":"https:\/\/iraurgiberritzen.eus\/es\/portal-de-transparencia\/#primaryimage","url":"https:\/\/iraurgiberritzen.eus\/wp-content\/uploads\/2023\/12\/2-7.png","contentUrl":"https:\/\/iraurgiberritzen.eus\/wp-content\/uploads\/2023\/12\/2-7.png","width":2000,"height":600},{"@type":"BreadcrumbList","@id":"https:\/\/iraurgiberritzen.eus\/es\/portal-de-transparencia\/#breadcrumb","itemListElement":[{"@type":"ListItem","position":1,"name":"Home","item":"https:\/\/iraurgiberritzen.eus\/es\/"},{"@type":"ListItem","position":2,"name":"Portal de transparencia"}]},{"@type":"WebSite","@id":"https:\/\/iraurgiberritzen.eus\/es\/#website","url":"https:\/\/iraurgiberritzen.eus\/es\/","name":"Iraurgi Berritzen","description":"Urola Erdiko Garapen Agentzia","publisher":{"@id":"https:\/\/iraurgiberritzen.eus\/es\/#organization"},"potentialAction":[{"@type":"SearchAction","target":{"@type":"EntryPoint","urlTemplate":"https:\/\/iraurgiberritzen.eus\/es\/?s={search_term_string}"},"query-input":{"@type":"PropertyValueSpecification","valueRequired":true,"valueName":"search_term_string"}}],"inLanguage":"es"},{"@type":"Organization","@id":"https:\/\/iraurgiberritzen.eus\/es\/#organization","name":"Iraurgi Berritzen","url":"https:\/\/iraurgiberritzen.eus\/es\/","logo":{"@type":"ImageObject","inLanguage":"es","@id":"https:\/\/iraurgiberritzen.eus\/es\/#\/schema\/logo\/image\/","url":"https:\/\/iraurgiberritzen.eus\/wp-content\/uploads\/2024\/02\/IRAURGI-BERRITZEN-logotipoa_2.png","contentUrl":"https:\/\/iraurgiberritzen.eus\/wp-content\/uploads\/2024\/02\/IRAURGI-BERRITZEN-logotipoa_2.png","width":496,"height":190,"caption":"Iraurgi Berritzen"},"image":{"@id":"https:\/\/iraurgiberritzen.eus\/es\/#\/schema\/logo\/image\/"}}]}},"_links":{"self":[{"href":"https:\/\/iraurgiberritzen.eus\/es\/wp-json\/wp\/v2\/pages\/16440","targetHints":{"allow":["GET"]}}],"collection":[{"href":"https:\/\/iraurgiberritzen.eus\/es\/wp-json\/wp\/v2\/pages"}],"about":[{"href":"https:\/\/iraurgiberritzen.eus\/es\/wp-json\/wp\/v2\/types\/page"}],"author":[{"embeddable":true,"href":"https:\/\/iraurgiberritzen.eus\/es\/wp-json\/wp\/v2\/users\/1"}],"replies":[{"embeddable":true,"href":"https:\/\/iraurgiberritzen.eus\/es\/wp-json\/wp\/v2\/comments?post=16440"}],"version-history":[{"count":28,"href":"https:\/\/iraurgiberritzen.eus\/es\/wp-json\/wp\/v2\/pages\/16440\/revisions"}],"predecessor-version":[{"id":26635,"href":"https:\/\/iraurgiberritzen.eus\/es\/wp-json\/wp\/v2\/pages\/16440\/revisions\/26635"}],"wp:featuredmedia":[{"embeddable":true,"href":"https:\/\/iraurgiberritzen.eus\/es\/wp-json\/wp\/v2\/media\/16533"}],"wp:attachment":[{"href":"https:\/\/iraurgiberritzen.eus\/es\/wp-json\/wp\/v2\/media?parent=16440"}],"curies":[{"name":"wp","href":"https:\/\/api.w.org\/{rel}","templated":true}]}}