{"id":16467,"date":"2023-12-21T11:26:06","date_gmt":"2023-12-21T09:26:06","guid":{"rendered":"https:\/\/iraurgiberritzen.eus\/politica-de-privacidad\/"},"modified":"2024-03-01T13:47:26","modified_gmt":"2024-03-01T11:47:26","slug":"politica-de-privacidad","status":"publish","type":"page","link":"https:\/\/iraurgiberritzen.eus\/es\/politica-de-privacidad\/","title":{"rendered":"Politica de privacidad"},"content":{"rendered":"<h4>\u00bfQUI\u00c9N ES EL RESPONSABLE DEL TRATAMIENTO DE SUS DATOS?<\/h4>\n<p>Nombre: <strong>IRAURGI LANTZEN SA<\/strong><br \/>\nCIF\/NIF: <strong>A20180485<\/strong><br \/>\nSede social: <strong>Insausti Jauregia, Julio Urkijo Etorbidea 25, 20720 Azkoitia (Gipuzkoa)<\/strong><br \/>\nInscrita en el Registro de Gipuzkoa, Folio SS 5208, Tomo 1260, Inscripci\u00f3n 1\u00aa.<br \/>\nTelefono: <strong>943851100<\/strong><br \/>\nCorreo electronico: <span id=\"cloakebc0c430d9db466ae2856236c23e9f67\"><a href=\"mailto:info@iraurgiberritzen.eus\">info@iraurgiberritzen.eus<\/a><\/span><\/p>\n<h4>\u00bfPARA QU\u00c9 FINALIDAD TRATAMOS SUS DATOS PERSONALES?<\/h4>\n<p>De conformidad con lo dispuesto en el Reglamento (UE) n\u00ba 679\/2026 y en la Ley Org\u00e1nica 3\/2018, de 5 de diciembre, de Protecci\u00f3n de Datos Personales y garant\u00eda de los derechos digitales, le informamos que los datos personales que nos facilite, as\u00ed como los que se generen en nuestra relaci\u00f3n, ser\u00e1n tratados con las siguientes finalidades:<\/p>\n<ul>\n<li>Responder a las exigencias que se planteen.<\/li>\n<li>Transmisi\u00f3n de informaci\u00f3n sobre los servicios de IRAURGI LANTZEN, S.A., incluyendo comunicaciones comerciales por correo electr\u00f3nico o medio de comunicaci\u00f3n electr\u00f3nico equivalente.<\/li>\n<li>Gesti\u00f3n de los diferentes programas de inserci\u00f3n laboral (inscripci\u00f3n, almacenamiento CV, cesi\u00f3n de datos a las entidades participantes, etc., participaci\u00f3n del interesado en procesos de selecci\u00f3n de personal, pr\u00e1cticas, formaci\u00f3n u otros procesos relacionados).<\/li>\n<li>Elaboraci\u00f3n del plan de viabilidad y otros estudios relacionados con la iniciativa (definici\u00f3n del modelo de negocio, estudio de viabilidad econ\u00f3mica, etc.).<\/li>\n<li>Servicio de tutor\u00eda de iniciativas de nueva implantaci\u00f3n o que lo deseen.<\/li>\n<li>Atender consultas, reclamaciones, sugerencias y realizar cualquier tipo de acci\u00f3n comunicativa.<\/li>\n<li>Orientar la gesti\u00f3n contable, fiscal y administrativa de la entidad.<\/li>\n<\/ul>\n<h4>\u00bfDurante cu\u00e1nto tiempo conservaremos sus datos personales?<\/h4>\n<p>Los datos de car\u00e1cter personal que se faciliten se conservar\u00e1n mientras el interesado o su representante legal no soliciten su supresi\u00f3n, siempre que sean necesarios o adecuados para la finalidad para la que fueron recogidos o registrados, incluida la obligaci\u00f3n de conservarlos en los plazos de prescripci\u00f3n aplicables.<\/p>\n<p>La conservaci\u00f3n de los datos se ajustar\u00e1 a las obligaciones legales de IRAURGI ILANTZEN, S.A. Transcurridos dichos plazos, se proceder\u00e1 a la destrucci\u00f3n o supresi\u00f3n de los datos, garantizando la imposibilidad de recuperar la informaci\u00f3n contenida en los soportes.<\/p>\n<p><strong>Legitimaci\u00f3n<\/strong><\/p>\n<p>El consentimiento del interesado es la base legal del tratamiento de los datos. El consentimiento deber\u00e1 obtenerse de forma expresa y no equ\u00edvoca, mediante la cumplimentaci\u00f3n y env\u00edo de documentos y formularios que contengan los datos, tanto en papel como en formato electr\u00f3nico. Todos los documentos del organismo receptor de los datos contienen cl\u00e1usulas informativas, de conformidad con lo dispuesto en la normativa de protecci\u00f3n de datos, por las que el interesado manifiesta su consentimiento de forma expresa, bien mediante la firma de dichos documentos, bien mediante el env\u00edo de los formularios contenidos en la web.<br \/>\nTambi\u00e9n ser\u00e1 l\u00edcito el tratamiento cuando sea necesario para la ejecuci\u00f3n de un contrato o para la prestaci\u00f3n de un servicio a los interesados, siempre que \u00e9stos formen parte del mismo o, a petici\u00f3n de \u00e9stos, deban adoptarse medidas precontractuales (art\u00edculos 6.1.a y b del RGPD).<br \/>\nIRAURGI LANTZEN, S.A. est\u00e1 legitimada para el cumplimiento de las obligaciones legales que le son propias y para la satisfacci\u00f3n de intereses leg\u00edtimos, siempre que no prevalezcan sobre ellos los intereses o derechos fundamentales de los interesados.<br \/>\nIRAURGI LANTZEN, S.A. realiza tratamientos que tienen como causa legitimadora el desarrollo de las funciones p\u00fablicas.<\/p>\n<h4>\u00bfA qui\u00e9n se comunicar\u00e1n sus datos?<\/h4>\n<p>Estos datos no ser\u00e1n cedidos a ninguna otra entidad sin su consentimiento, salvo en los casos legalmente previstos. Por ello, se solicitar\u00e1 expresamente el consentimiento antes de ceder los datos a cualquier otra entidad.<br \/>\nPara la gesti\u00f3n de los fines autorizados se podr\u00e1n comunicar los datos a entidades o personas directamente relacionadas con IRAURGI LANTZEN, S.A. y los servicios que presta. Asimismo, su informaci\u00f3n personal estar\u00e1 a disposici\u00f3n de las administraciones p\u00fablicas, jueces y tribunales para hacer frente a las responsabilidades que puedan derivarse del tratamiento, siempre que las cesiones est\u00e9n amparadas por la ley.<br \/>\nTambi\u00e9n se podr\u00e1n comunicar tus datos a empresas que nos presten alg\u00fan tipo de servicios (asesoramiento, mantenimiento inform\u00e1tico, marketing, formaci\u00f3n o inspecci\u00f3n). Estas entidades s\u00f3lo tendr\u00e1n acceso a la informaci\u00f3n personal necesaria para la prestaci\u00f3n de dichos servicios, para lo cual deber\u00e1n disponer de un contrato \u00abencargado del tratamiento\u00bb en el que se recoja que, con garant\u00eda de confidencialidad, no podr\u00e1n utilizar la informaci\u00f3n para otros fines y que establecer\u00e1n medidas para garantizar su integridad y accesibilidad.<br \/>\nNo se prev\u00e9n transferencias internacionales de datos fuera de la Uni\u00f3n Europea ni a organismos que incumplan los est\u00e1ndares de protecci\u00f3n de datos establecidos en el Reglamento UE 679\/2016.<\/p>\n<h4>\u00bfCu\u00e1l es el origen de los datos?<\/h4>\n<p>Los datos personales tratados por IRAURGI ILANTZEN, S.A. son los facilitados por el interesado o su representante legal o los obtenidos de otras fuentes accesibles al p\u00fablico.<\/p>\n<h4>\u00bfQu\u00e9 categor\u00edas de datos trata IRAURGI LANTZEN, S.A.?<\/h4>\n<p>IRAURGI LANTZEN, S.A. tratar\u00e1 los datos que usted facilite, pudiendo pertenecer a las siguientes categor\u00edas:<\/p>\n<ul>\n<li>Datos de identificaci\u00f3n y direcciones;<\/li>\n<li>Datos acad\u00e9micos y profesionales<\/li>\n<li>Datos de detalle de empleo<\/li>\n<li>Datos econ\u00f3mico-financieros y de seguros<\/li>\n<li>Informaci\u00f3n comercial<\/li>\n<\/ul>\n<p>\u00bfQu\u00e9 derechos tienes?<\/p>\n<p>&nbsp;<\/p>\n<div class=\"row\">\n<div class=\"col-md-12 col-xs-12\">Cualquier persona tiene derecho a comprobar si IRAURGI LANTZEN, S.A. trata sus datos personales.<\/p>\n<p>Los interesados tienen derecho a acceder a sus datos personales y a recibir una copia de los datos personales objeto del tratamiento. Tienen derecho a actualizar los datos, as\u00ed como a solicitar la rectificaci\u00f3n o, en su caso, la supresi\u00f3n de los datos inexactos que ya no sean necesarios para la finalidad para la que fueron recogidos.<\/p>\n<p>En determinados casos, los interesados pueden oponerse al tratamiento de sus datos por razones relacionadas con su situaci\u00f3n concreta. IRAURGI LANTZEN, S.A. cesar\u00e1 en el tratamiento de los datos, salvo que por causas leg\u00edtimas de fuerza mayor pueda hacer lo contrario, o ejercitar o defender frente a posibles reclamaciones.<\/p>\n<p>En determinadas circunstancias, previstas en el art\u00edculo 18 del RGPD, los interesados podr\u00e1n solicitar la limitaci\u00f3n del tratamiento de sus datos. En este caso, IRAURGI LANTZEN, S.A. tratar\u00e1 los datos sin conservarlos, con el consentimiento del interesado o para formular, ejecutar o defender reclamaciones, o para proteger los derechos de otra persona f\u00edsica o jur\u00eddica, o para garantizar el inter\u00e9s p\u00fablico de la Uni\u00f3n o de un Estado miembro determinado.<\/p>\n<p>Si en el tratamiento de datos personales se aplica el derecho de supresi\u00f3n y oposici\u00f3n a los datos personales en el entorno online, los interesados tienen derecho al olvido, seg\u00fan la jurisprudencia del Tribunal de Justicia de la UE.<\/p>\n<p>En cuanto al derecho de portabilidad, los interesados tienen derecho a acceder a sus datos personales en un formato habitual que permita la lectura mec\u00e1nica y a transmitirlos a otro responsable.<\/p>\n<p>Todo interesado tiene derecho a no ser objeto de una decisi\u00f3n basada exclusivamente en un tratamiento automatizado que le produzca efectos jur\u00eddicos o similares significativos, incluida la elaboraci\u00f3n de perfiles, salvo en los supuestos previstos en el art\u00edculo 22.1 del RGPD.<\/p>\n<p>La persona interesada tiene derecho a la supresi\u00f3n de los datos, bien por la desaparici\u00f3n de la causa de recepci\u00f3n o tratamiento, bien por la denegaci\u00f3n del consentimiento que legitima el tratamiento o por las dem\u00e1s causas se\u00f1aladas en el art\u00edculo 17 del RGPD. Para la eliminaci\u00f3n de los datos se establecer\u00e1 un proceso de borrado de nivel superior de los datos almacenados en soportes automatizados y\/o la destrucci\u00f3n f\u00edsica de los soportes no automatizados.<\/p><\/div>\n<\/div>\n<h4>\u00bfC\u00f3mo se pueden ejercer los derechos?<\/h4>\n<p>Se remitir\u00e1 escrito a las direcciones indicadas en el encabezamiento, acompa\u00f1ado de copia del DNI o documento acreditativo de la identidad del interesado.<\/p>\n<h4>\u00bfC\u00f3mo se puede reclamar?<\/h4>\n<p>Si considera que no se han respetado correctamente sus derechos, tiene derecho a presentar una reclamaci\u00f3n ante la Agencia Espa\u00f1ola de Protecci\u00f3n de Datos. Los datos de contacto son los siguientes: Tel\u00e9fonos: 901 100 099\/912 663 517. Direcci\u00f3n postal: Jorge Juan 6, Madrid.<\/p>\n","protected":false},"excerpt":{"rendered":"<p>\u00bfQUI\u00c9N ES EL RESPONSABLE DEL TRATAMIENTO DE SUS DATOS? Nombre: IRAURGI LANTZEN SA CIF\/NIF: A20180485 Sede social: Insausti Jauregia, Julio Urkijo Etorbidea 25, 20720 Azkoitia (Gipuzkoa) Inscrita en el Registro de Gipuzkoa, Folio SS 5208, Tomo 1260, Inscripci\u00f3n 1\u00aa. Telefono: 943851100 Correo electronico: info@iraurgiberritzen.eus \u00bfPARA QU\u00c9 FINALIDAD TRATAMOS SUS DATOS PERSONALES? De conformidad con lo [&hellip;]<\/p>\n","protected":false},"author":1,"featured_media":0,"parent":0,"menu_order":0,"comment_status":"closed","ping_status":"closed","template":"","meta":{"_acf_changed":false,"footnotes":""},"class_list":["post-16467","page","type-page","status-publish","hentry"],"acf":[],"yoast_head":"<!-- This site is optimized with the Yoast SEO plugin v27.4 - https:\/\/yoast.com\/product\/yoast-seo-wordpress\/ -->\n<title>Politica de privacidad - Iraurgi Berritzen<\/title>\n<meta name=\"robots\" content=\"noindex, nofollow\" \/>\n<meta property=\"og:locale\" content=\"es_ES\" \/>\n<meta property=\"og:type\" content=\"article\" \/>\n<meta property=\"og:title\" content=\"Politica de privacidad - Iraurgi Berritzen\" \/>\n<meta property=\"og:description\" content=\"\u00bfQUI\u00c9N ES EL RESPONSABLE DEL TRATAMIENTO DE SUS DATOS? Nombre: IRAURGI LANTZEN SA CIF\/NIF: A20180485 Sede social: Insausti Jauregia, Julio Urkijo Etorbidea 25, 20720 Azkoitia (Gipuzkoa) Inscrita en el Registro de Gipuzkoa, Folio SS 5208, Tomo 1260, Inscripci\u00f3n 1\u00aa. Telefono: 943851100 Correo electronico: info@iraurgiberritzen.eus \u00bfPARA QU\u00c9 FINALIDAD TRATAMOS SUS DATOS PERSONALES? De conformidad con lo [&hellip;]\" \/>\n<meta property=\"og:url\" content=\"https:\/\/iraurgiberritzen.eus\/es\/politica-de-privacidad\/\" \/>\n<meta property=\"og:site_name\" content=\"Iraurgi Berritzen\" \/>\n<meta property=\"article:modified_time\" content=\"2024-03-01T11:47:26+00:00\" \/>\n<meta name=\"twitter:card\" content=\"summary_large_image\" \/>\n<meta name=\"twitter:label1\" content=\"Tiempo de lectura\" \/>\n\t<meta name=\"twitter:data1\" content=\"6 minutos\" \/>\n<script type=\"application\/ld+json\" class=\"yoast-schema-graph\">{\"@context\":\"https:\\\/\\\/schema.org\",\"@graph\":[{\"@type\":\"WebPage\",\"@id\":\"https:\\\/\\\/iraurgiberritzen.eus\\\/es\\\/politica-de-privacidad\\\/\",\"url\":\"https:\\\/\\\/iraurgiberritzen.eus\\\/es\\\/politica-de-privacidad\\\/\",\"name\":\"Politica de privacidad - Iraurgi Berritzen\",\"isPartOf\":{\"@id\":\"https:\\\/\\\/iraurgiberritzen.eus\\\/es\\\/#website\"},\"datePublished\":\"2023-12-21T09:26:06+00:00\",\"dateModified\":\"2024-03-01T11:47:26+00:00\",\"breadcrumb\":{\"@id\":\"https:\\\/\\\/iraurgiberritzen.eus\\\/es\\\/politica-de-privacidad\\\/#breadcrumb\"},\"inLanguage\":\"es\",\"potentialAction\":[{\"@type\":\"ReadAction\",\"target\":[\"https:\\\/\\\/iraurgiberritzen.eus\\\/es\\\/politica-de-privacidad\\\/\"]}]},{\"@type\":\"BreadcrumbList\",\"@id\":\"https:\\\/\\\/iraurgiberritzen.eus\\\/es\\\/politica-de-privacidad\\\/#breadcrumb\",\"itemListElement\":[{\"@type\":\"ListItem\",\"position\":1,\"name\":\"Home\",\"item\":\"https:\\\/\\\/iraurgiberritzen.eus\\\/es\\\/\"},{\"@type\":\"ListItem\",\"position\":2,\"name\":\"Politica de privacidad\"}]},{\"@type\":\"WebSite\",\"@id\":\"https:\\\/\\\/iraurgiberritzen.eus\\\/es\\\/#website\",\"url\":\"https:\\\/\\\/iraurgiberritzen.eus\\\/es\\\/\",\"name\":\"Iraurgi Berritzen\",\"description\":\"Urola Erdiko Garapen Agentzia\",\"publisher\":{\"@id\":\"https:\\\/\\\/iraurgiberritzen.eus\\\/es\\\/#organization\"},\"potentialAction\":[{\"@type\":\"SearchAction\",\"target\":{\"@type\":\"EntryPoint\",\"urlTemplate\":\"https:\\\/\\\/iraurgiberritzen.eus\\\/es\\\/?s={search_term_string}\"},\"query-input\":{\"@type\":\"PropertyValueSpecification\",\"valueRequired\":true,\"valueName\":\"search_term_string\"}}],\"inLanguage\":\"es\"},{\"@type\":\"Organization\",\"@id\":\"https:\\\/\\\/iraurgiberritzen.eus\\\/es\\\/#organization\",\"name\":\"Iraurgi Berritzen\",\"url\":\"https:\\\/\\\/iraurgiberritzen.eus\\\/es\\\/\",\"logo\":{\"@type\":\"ImageObject\",\"inLanguage\":\"es\",\"@id\":\"https:\\\/\\\/iraurgiberritzen.eus\\\/es\\\/#\\\/schema\\\/logo\\\/image\\\/\",\"url\":\"https:\\\/\\\/iraurgiberritzen.eus\\\/wp-content\\\/uploads\\\/2024\\\/02\\\/IRAURGI-BERRITZEN-logotipoa_2.png\",\"contentUrl\":\"https:\\\/\\\/iraurgiberritzen.eus\\\/wp-content\\\/uploads\\\/2024\\\/02\\\/IRAURGI-BERRITZEN-logotipoa_2.png\",\"width\":496,\"height\":190,\"caption\":\"Iraurgi Berritzen\"},\"image\":{\"@id\":\"https:\\\/\\\/iraurgiberritzen.eus\\\/es\\\/#\\\/schema\\\/logo\\\/image\\\/\"}}]}<\/script>\n<!-- \/ Yoast SEO plugin. -->","yoast_head_json":{"title":"Politica de privacidad - Iraurgi Berritzen","robots":{"index":"noindex","follow":"nofollow"},"og_locale":"es_ES","og_type":"article","og_title":"Politica de privacidad - Iraurgi Berritzen","og_description":"\u00bfQUI\u00c9N ES EL RESPONSABLE DEL TRATAMIENTO DE SUS DATOS? Nombre: IRAURGI LANTZEN SA CIF\/NIF: A20180485 Sede social: Insausti Jauregia, Julio Urkijo Etorbidea 25, 20720 Azkoitia (Gipuzkoa) Inscrita en el Registro de Gipuzkoa, Folio SS 5208, Tomo 1260, Inscripci\u00f3n 1\u00aa. Telefono: 943851100 Correo electronico: info@iraurgiberritzen.eus \u00bfPARA QU\u00c9 FINALIDAD TRATAMOS SUS DATOS PERSONALES? De conformidad con lo [&hellip;]","og_url":"https:\/\/iraurgiberritzen.eus\/es\/politica-de-privacidad\/","og_site_name":"Iraurgi Berritzen","article_modified_time":"2024-03-01T11:47:26+00:00","twitter_card":"summary_large_image","twitter_misc":{"Tiempo de lectura":"6 minutos"},"schema":{"@context":"https:\/\/schema.org","@graph":[{"@type":"WebPage","@id":"https:\/\/iraurgiberritzen.eus\/es\/politica-de-privacidad\/","url":"https:\/\/iraurgiberritzen.eus\/es\/politica-de-privacidad\/","name":"Politica de privacidad - Iraurgi Berritzen","isPartOf":{"@id":"https:\/\/iraurgiberritzen.eus\/es\/#website"},"datePublished":"2023-12-21T09:26:06+00:00","dateModified":"2024-03-01T11:47:26+00:00","breadcrumb":{"@id":"https:\/\/iraurgiberritzen.eus\/es\/politica-de-privacidad\/#breadcrumb"},"inLanguage":"es","potentialAction":[{"@type":"ReadAction","target":["https:\/\/iraurgiberritzen.eus\/es\/politica-de-privacidad\/"]}]},{"@type":"BreadcrumbList","@id":"https:\/\/iraurgiberritzen.eus\/es\/politica-de-privacidad\/#breadcrumb","itemListElement":[{"@type":"ListItem","position":1,"name":"Home","item":"https:\/\/iraurgiberritzen.eus\/es\/"},{"@type":"ListItem","position":2,"name":"Politica de privacidad"}]},{"@type":"WebSite","@id":"https:\/\/iraurgiberritzen.eus\/es\/#website","url":"https:\/\/iraurgiberritzen.eus\/es\/","name":"Iraurgi Berritzen","description":"Urola Erdiko Garapen Agentzia","publisher":{"@id":"https:\/\/iraurgiberritzen.eus\/es\/#organization"},"potentialAction":[{"@type":"SearchAction","target":{"@type":"EntryPoint","urlTemplate":"https:\/\/iraurgiberritzen.eus\/es\/?s={search_term_string}"},"query-input":{"@type":"PropertyValueSpecification","valueRequired":true,"valueName":"search_term_string"}}],"inLanguage":"es"},{"@type":"Organization","@id":"https:\/\/iraurgiberritzen.eus\/es\/#organization","name":"Iraurgi Berritzen","url":"https:\/\/iraurgiberritzen.eus\/es\/","logo":{"@type":"ImageObject","inLanguage":"es","@id":"https:\/\/iraurgiberritzen.eus\/es\/#\/schema\/logo\/image\/","url":"https:\/\/iraurgiberritzen.eus\/wp-content\/uploads\/2024\/02\/IRAURGI-BERRITZEN-logotipoa_2.png","contentUrl":"https:\/\/iraurgiberritzen.eus\/wp-content\/uploads\/2024\/02\/IRAURGI-BERRITZEN-logotipoa_2.png","width":496,"height":190,"caption":"Iraurgi Berritzen"},"image":{"@id":"https:\/\/iraurgiberritzen.eus\/es\/#\/schema\/logo\/image\/"}}]}},"_links":{"self":[{"href":"https:\/\/iraurgiberritzen.eus\/es\/wp-json\/wp\/v2\/pages\/16467","targetHints":{"allow":["GET"]}}],"collection":[{"href":"https:\/\/iraurgiberritzen.eus\/es\/wp-json\/wp\/v2\/pages"}],"about":[{"href":"https:\/\/iraurgiberritzen.eus\/es\/wp-json\/wp\/v2\/types\/page"}],"author":[{"embeddable":true,"href":"https:\/\/iraurgiberritzen.eus\/es\/wp-json\/wp\/v2\/users\/1"}],"replies":[{"embeddable":true,"href":"https:\/\/iraurgiberritzen.eus\/es\/wp-json\/wp\/v2\/comments?post=16467"}],"version-history":[{"count":1,"href":"https:\/\/iraurgiberritzen.eus\/es\/wp-json\/wp\/v2\/pages\/16467\/revisions"}],"predecessor-version":[{"id":19263,"href":"https:\/\/iraurgiberritzen.eus\/es\/wp-json\/wp\/v2\/pages\/16467\/revisions\/19263"}],"wp:attachment":[{"href":"https:\/\/iraurgiberritzen.eus\/es\/wp-json\/wp\/v2\/media?parent=16467"}],"curies":[{"name":"wp","href":"https:\/\/api.w.org\/{rel}","templated":true}]}}