{"id":16472,"date":"2023-12-21T13:38:43","date_gmt":"2023-12-21T11:38:43","guid":{"rendered":"https:\/\/iraurgiberritzen.eus\/aviso-legal\/"},"modified":"2024-03-01T13:48:09","modified_gmt":"2024-03-01T11:48:09","slug":"aviso-legal","status":"publish","type":"page","link":"https:\/\/iraurgiberritzen.eus\/es\/aviso-legal\/","title":{"rendered":"Aviso legal"},"content":{"rendered":"<h4>1. Datos del responsable<\/h4>\n<p>En cumplimiento de lo dispuesto en el art\u00edculo 10 de la Ley 34\/2002, de 11 de julio, de servicios de la sociedad de la informaci\u00f3n y de comercio electr\u00f3nico, los datos identificativos de la empresa son los siguientes:<\/p>\n<p>Nombre: <strong>IRAURGI LANTZEN SA<\/strong><br \/>\nCIF\/NIF: <strong>A20180485<\/strong><br \/>\nSede social: <strong>Insausti Jauregia, Julio Urkijo Etorbidea 25, 20720 Azkoitia (Gipuzkoa)<\/strong><br \/>\nInscrita en el Registro de Gipuzkoa, Folio SS 5208, Tomo 1260, Inscripci\u00f3n 1\u00aa.<br \/>\nTelefono: <strong>943851100<\/strong><br \/>\nCorreo electronico:<strong>\u00a0<span id=\"cloakab927151f7f1a12dbbd7ccea0d2a87e4\"><a href=\"mailto:info@iraurgiberritzen.eus\">info@iraurgiberritzen.eus<\/a><\/span><\/strong><\/p>\n<h4>2. Propiedad intelectual<\/h4>\n<p>El c\u00f3digo fuente, los dise\u00f1os gr\u00e1ficos, las im\u00e1genes, las fotograf\u00edas, los sonidos, las animaciones, el software, los textos, la informaci\u00f3n y los contenidos de este sitio web est\u00e1n protegidos por la legislaci\u00f3n espa\u00f1ola sobre derechos de propiedad intelectual e industrial a favor de IRAURGI LANTZEN, S.A., y no puede ser objeto de regeneraci\u00f3n y\/o publicaci\u00f3n total o parcial, tratamiento inform\u00e1tico, distribuci\u00f3n, difusi\u00f3n, modificaci\u00f3n, modificaci\u00f3n o descompilaci\u00f3n, ni de cualquier otro derecho legalmente reconocido a su titular, sin la previa y por escrito autorizaci\u00f3n de IRAURGI LANTZEN, S.A.<br \/>\nEl usuario s\u00f3lo puede utilizar el material que aparece en este sitio web de forma personal y privada, quedando prohibido su uso con fines comerciales o il\u00edcitos. Todos los derechos de propiedad intelectual corresponden a la entidad IRAURGI LANTZEN, S.A.<br \/>\nIRAURGI LANTZEN, S.A. velar\u00e1 por el cumplimiento de los requisitos anteriormente recogidos y la correcta utilizaci\u00f3n de los contenidos contenidos en el sitio web, ejerciendo todas las acciones civiles y penales que procedan en caso de infracci\u00f3n o incumplimiento por parte del usuario.<\/p>\n<h4>3. Protecci\u00f3n de datos de car\u00e1cter personal<\/h4>\n<p>Para m\u00e1s informaci\u00f3n sobre el tratamiento de tus datos personales, entra en el apartado \u00abDeclaraci\u00f3n larga de privacidad\u00bb de nuestra web.<\/p>\n<p><strong>4. Varios<\/strong><\/p>\n<p><strong>A.-<\/strong> IRAURGI LANTZEN, S.A. podr\u00e1 modificar, sin previo aviso, la informaci\u00f3n contenida en la web, as\u00ed como su configuraci\u00f3n y presentaci\u00f3n.<\/p>\n<p><strong>B.-<\/strong> IRAURGI LANTZEN, S.A. se compromete a no realizar publicidad enga\u00f1osa a trav\u00e9s de este medio. A estos efectos, no tendr\u00e1n la consideraci\u00f3n de publicidad enga\u00f1osa los errores formales o num\u00e9ricos que se produzcan en el contenido de los apartados de la web de IRAURGI LANTZEN, S.A. y que sean consecuencia de la falta total o incorrecta realizaci\u00f3n del mantenimiento y\/o actualizaci\u00f3n de la informaci\u00f3n. IRAURGI LANTZEN, S.A., como consecuencia de lo dispuesto en este apartado, proceder\u00e1 a la subsanaci\u00f3n de los mismos en el momento en que tenga conocimiento de los mismos.<\/p>\n<p><strong>C.-<\/strong> IRAURGI LANTZEN, S.A. NO ENVIAR\u00c1 COMUNICACI\u00d3N COMERCIAL SIN INFORMAR DE SU EXISTENCIA, de conformidad con lo dispuesto en la Ley 34\/2002, de Servicios de la Sociedad de la Informaci\u00f3n y de Comercio Electr\u00f3nico. A estos efectos, no tendr\u00e1 la consideraci\u00f3n de comunicaci\u00f3n comercial la informaci\u00f3n remitida a los CLIENTES de IRAURGI LANTZEN, S.A. cuyo objeto sea el mantenimiento de la relaci\u00f3n del cliente entre IRAURGI LANTZEN, S.A., as\u00ed como la informaci\u00f3n, formaci\u00f3n y otras actividades propias del servicio que el cliente tenga contratado con la empresa.<\/p>\n<p><strong>D.-<\/strong> IRAURGI LANTZEN, S.A. no ser\u00e1 responsable del incumplimiento por parte del usuario de las normas aplicables cuando acceda o utilice las informaciones contenidas en este sitio web.<\/p>\n<p><strong>E.-<\/strong> IRAURGI LANTZEN, S.A. no ser\u00e1 responsable de los da\u00f1os y perjuicios derivados del uso de la informaci\u00f3n, materias y programas de este sitio web, con independencia de su naturaleza. Los enlaces (links) e hipertexto que permiten al usuario acceder a las prestaciones y servicios ofrecidos por terceros a trav\u00e9s de este sitio web no est\u00e1n bajo control de IRAURGI LANTZEN, S.A., por lo que la entidad no es responsable de la informaci\u00f3n contenida en los mismos ni de los efectos derivados de la misma.<\/p>\n<p><strong>F.-<\/strong> En el caso de que terceras partes utilicen ilegalmente nombres de marca, nombres de productos, marcas comerciales, IRAURGI LANTZEN, S.A. que no pertenezcan a dicha entidad, que aparezcan en el sitio web. Tampoco ser\u00e1 responsable de la integridad, veracidad y legitimidad del contenido de los enlaces desde este sitio web a otros.<\/p>\n<p><strong>G.-<\/strong> El usuario es, sin duda, el \u00fanico responsable del uso de los servicios, contenidos, enlaces (enlaces) e hipertexto de este sitio web.<\/p>\n","protected":false},"excerpt":{"rendered":"<p>1. Datos del responsable En cumplimiento de lo dispuesto en el art\u00edculo 10 de la Ley 34\/2002, de 11 de julio, de servicios de la sociedad de la informaci\u00f3n y de comercio electr\u00f3nico, los datos identificativos de la empresa son los siguientes: Nombre: IRAURGI LANTZEN SA CIF\/NIF: A20180485 Sede social: Insausti Jauregia, Julio Urkijo Etorbidea [&hellip;]<\/p>\n","protected":false},"author":1,"featured_media":0,"parent":0,"menu_order":0,"comment_status":"closed","ping_status":"closed","template":"","meta":{"_acf_changed":false,"footnotes":""},"class_list":["post-16472","page","type-page","status-publish","hentry"],"acf":[],"yoast_head":"<!-- This site is optimized with the Yoast SEO plugin v27.4 - https:\/\/yoast.com\/product\/yoast-seo-wordpress\/ -->\n<title>Aviso legal - Iraurgi Berritzen<\/title>\n<meta name=\"robots\" content=\"noindex, nofollow\" \/>\n<meta property=\"og:locale\" content=\"es_ES\" \/>\n<meta property=\"og:type\" content=\"article\" \/>\n<meta property=\"og:title\" content=\"Aviso legal - Iraurgi Berritzen\" \/>\n<meta property=\"og:description\" content=\"1. Datos del responsable En cumplimiento de lo dispuesto en el art\u00edculo 10 de la Ley 34\/2002, de 11 de julio, de servicios de la sociedad de la informaci\u00f3n y de comercio electr\u00f3nico, los datos identificativos de la empresa son los siguientes: Nombre: IRAURGI LANTZEN SA CIF\/NIF: A20180485 Sede social: Insausti Jauregia, Julio Urkijo Etorbidea [&hellip;]\" \/>\n<meta property=\"og:url\" content=\"https:\/\/iraurgiberritzen.eus\/es\/aviso-legal\/\" \/>\n<meta property=\"og:site_name\" content=\"Iraurgi Berritzen\" \/>\n<meta property=\"article:modified_time\" content=\"2024-03-01T11:48:09+00:00\" \/>\n<meta name=\"twitter:card\" content=\"summary_large_image\" \/>\n<meta name=\"twitter:label1\" content=\"Tiempo de lectura\" \/>\n\t<meta name=\"twitter:data1\" content=\"4 minutos\" \/>\n<script type=\"application\/ld+json\" class=\"yoast-schema-graph\">{\"@context\":\"https:\\\/\\\/schema.org\",\"@graph\":[{\"@type\":\"WebPage\",\"@id\":\"https:\\\/\\\/iraurgiberritzen.eus\\\/es\\\/aviso-legal\\\/\",\"url\":\"https:\\\/\\\/iraurgiberritzen.eus\\\/es\\\/aviso-legal\\\/\",\"name\":\"Aviso legal - Iraurgi Berritzen\",\"isPartOf\":{\"@id\":\"https:\\\/\\\/iraurgiberritzen.eus\\\/es\\\/#website\"},\"datePublished\":\"2023-12-21T11:38:43+00:00\",\"dateModified\":\"2024-03-01T11:48:09+00:00\",\"breadcrumb\":{\"@id\":\"https:\\\/\\\/iraurgiberritzen.eus\\\/es\\\/aviso-legal\\\/#breadcrumb\"},\"inLanguage\":\"es\",\"potentialAction\":[{\"@type\":\"ReadAction\",\"target\":[\"https:\\\/\\\/iraurgiberritzen.eus\\\/es\\\/aviso-legal\\\/\"]}]},{\"@type\":\"BreadcrumbList\",\"@id\":\"https:\\\/\\\/iraurgiberritzen.eus\\\/es\\\/aviso-legal\\\/#breadcrumb\",\"itemListElement\":[{\"@type\":\"ListItem\",\"position\":1,\"name\":\"Home\",\"item\":\"https:\\\/\\\/iraurgiberritzen.eus\\\/es\\\/\"},{\"@type\":\"ListItem\",\"position\":2,\"name\":\"Aviso legal\"}]},{\"@type\":\"WebSite\",\"@id\":\"https:\\\/\\\/iraurgiberritzen.eus\\\/es\\\/#website\",\"url\":\"https:\\\/\\\/iraurgiberritzen.eus\\\/es\\\/\",\"name\":\"Iraurgi Berritzen\",\"description\":\"Urola Erdiko Garapen Agentzia\",\"publisher\":{\"@id\":\"https:\\\/\\\/iraurgiberritzen.eus\\\/es\\\/#organization\"},\"potentialAction\":[{\"@type\":\"SearchAction\",\"target\":{\"@type\":\"EntryPoint\",\"urlTemplate\":\"https:\\\/\\\/iraurgiberritzen.eus\\\/es\\\/?s={search_term_string}\"},\"query-input\":{\"@type\":\"PropertyValueSpecification\",\"valueRequired\":true,\"valueName\":\"search_term_string\"}}],\"inLanguage\":\"es\"},{\"@type\":\"Organization\",\"@id\":\"https:\\\/\\\/iraurgiberritzen.eus\\\/es\\\/#organization\",\"name\":\"Iraurgi Berritzen\",\"url\":\"https:\\\/\\\/iraurgiberritzen.eus\\\/es\\\/\",\"logo\":{\"@type\":\"ImageObject\",\"inLanguage\":\"es\",\"@id\":\"https:\\\/\\\/iraurgiberritzen.eus\\\/es\\\/#\\\/schema\\\/logo\\\/image\\\/\",\"url\":\"https:\\\/\\\/iraurgiberritzen.eus\\\/wp-content\\\/uploads\\\/2024\\\/02\\\/IRAURGI-BERRITZEN-logotipoa_2.png\",\"contentUrl\":\"https:\\\/\\\/iraurgiberritzen.eus\\\/wp-content\\\/uploads\\\/2024\\\/02\\\/IRAURGI-BERRITZEN-logotipoa_2.png\",\"width\":496,\"height\":190,\"caption\":\"Iraurgi Berritzen\"},\"image\":{\"@id\":\"https:\\\/\\\/iraurgiberritzen.eus\\\/es\\\/#\\\/schema\\\/logo\\\/image\\\/\"}}]}<\/script>\n<!-- \/ Yoast SEO plugin. -->","yoast_head_json":{"title":"Aviso legal - Iraurgi Berritzen","robots":{"index":"noindex","follow":"nofollow"},"og_locale":"es_ES","og_type":"article","og_title":"Aviso legal - Iraurgi Berritzen","og_description":"1. Datos del responsable En cumplimiento de lo dispuesto en el art\u00edculo 10 de la Ley 34\/2002, de 11 de julio, de servicios de la sociedad de la informaci\u00f3n y de comercio electr\u00f3nico, los datos identificativos de la empresa son los siguientes: Nombre: IRAURGI LANTZEN SA CIF\/NIF: A20180485 Sede social: Insausti Jauregia, Julio Urkijo Etorbidea [&hellip;]","og_url":"https:\/\/iraurgiberritzen.eus\/es\/aviso-legal\/","og_site_name":"Iraurgi Berritzen","article_modified_time":"2024-03-01T11:48:09+00:00","twitter_card":"summary_large_image","twitter_misc":{"Tiempo de lectura":"4 minutos"},"schema":{"@context":"https:\/\/schema.org","@graph":[{"@type":"WebPage","@id":"https:\/\/iraurgiberritzen.eus\/es\/aviso-legal\/","url":"https:\/\/iraurgiberritzen.eus\/es\/aviso-legal\/","name":"Aviso legal - Iraurgi Berritzen","isPartOf":{"@id":"https:\/\/iraurgiberritzen.eus\/es\/#website"},"datePublished":"2023-12-21T11:38:43+00:00","dateModified":"2024-03-01T11:48:09+00:00","breadcrumb":{"@id":"https:\/\/iraurgiberritzen.eus\/es\/aviso-legal\/#breadcrumb"},"inLanguage":"es","potentialAction":[{"@type":"ReadAction","target":["https:\/\/iraurgiberritzen.eus\/es\/aviso-legal\/"]}]},{"@type":"BreadcrumbList","@id":"https:\/\/iraurgiberritzen.eus\/es\/aviso-legal\/#breadcrumb","itemListElement":[{"@type":"ListItem","position":1,"name":"Home","item":"https:\/\/iraurgiberritzen.eus\/es\/"},{"@type":"ListItem","position":2,"name":"Aviso legal"}]},{"@type":"WebSite","@id":"https:\/\/iraurgiberritzen.eus\/es\/#website","url":"https:\/\/iraurgiberritzen.eus\/es\/","name":"Iraurgi Berritzen","description":"Urola Erdiko Garapen Agentzia","publisher":{"@id":"https:\/\/iraurgiberritzen.eus\/es\/#organization"},"potentialAction":[{"@type":"SearchAction","target":{"@type":"EntryPoint","urlTemplate":"https:\/\/iraurgiberritzen.eus\/es\/?s={search_term_string}"},"query-input":{"@type":"PropertyValueSpecification","valueRequired":true,"valueName":"search_term_string"}}],"inLanguage":"es"},{"@type":"Organization","@id":"https:\/\/iraurgiberritzen.eus\/es\/#organization","name":"Iraurgi Berritzen","url":"https:\/\/iraurgiberritzen.eus\/es\/","logo":{"@type":"ImageObject","inLanguage":"es","@id":"https:\/\/iraurgiberritzen.eus\/es\/#\/schema\/logo\/image\/","url":"https:\/\/iraurgiberritzen.eus\/wp-content\/uploads\/2024\/02\/IRAURGI-BERRITZEN-logotipoa_2.png","contentUrl":"https:\/\/iraurgiberritzen.eus\/wp-content\/uploads\/2024\/02\/IRAURGI-BERRITZEN-logotipoa_2.png","width":496,"height":190,"caption":"Iraurgi Berritzen"},"image":{"@id":"https:\/\/iraurgiberritzen.eus\/es\/#\/schema\/logo\/image\/"}}]}},"_links":{"self":[{"href":"https:\/\/iraurgiberritzen.eus\/es\/wp-json\/wp\/v2\/pages\/16472","targetHints":{"allow":["GET"]}}],"collection":[{"href":"https:\/\/iraurgiberritzen.eus\/es\/wp-json\/wp\/v2\/pages"}],"about":[{"href":"https:\/\/iraurgiberritzen.eus\/es\/wp-json\/wp\/v2\/types\/page"}],"author":[{"embeddable":true,"href":"https:\/\/iraurgiberritzen.eus\/es\/wp-json\/wp\/v2\/users\/1"}],"replies":[{"embeddable":true,"href":"https:\/\/iraurgiberritzen.eus\/es\/wp-json\/wp\/v2\/comments?post=16472"}],"version-history":[{"count":1,"href":"https:\/\/iraurgiberritzen.eus\/es\/wp-json\/wp\/v2\/pages\/16472\/revisions"}],"predecessor-version":[{"id":19264,"href":"https:\/\/iraurgiberritzen.eus\/es\/wp-json\/wp\/v2\/pages\/16472\/revisions\/19264"}],"wp:attachment":[{"href":"https:\/\/iraurgiberritzen.eus\/es\/wp-json\/wp\/v2\/media?parent=16472"}],"curies":[{"name":"wp","href":"https:\/\/api.w.org\/{rel}","templated":true}]}}