{"id":25323,"date":"2025-11-25T15:19:34","date_gmt":"2025-11-25T13:19:34","guid":{"rendered":"https:\/\/iraurgiberritzen.eus\/?page_id=25323"},"modified":"2026-02-11T14:15:30","modified_gmt":"2026-02-11T12:15:30","slug":"condiciones-generales","status":"publish","type":"page","link":"https:\/\/iraurgiberritzen.eus\/es\/condiciones-generales\/","title":{"rendered":"Condiciones Generales"},"content":{"rendered":"<p><strong><em>CONDICIONES GENERALES SOBRE PROTECCION DE DATOS APLICABLES A TODO TIPO DE CONTRATOS<\/em><\/strong><\/p>\n<p><strong>AMBITO DE APLICACION DE ESTAS CONDICIONES GENERALES<\/strong><\/p>\n<p>Las presentes condiciones generales se aplican a la contrataci\u00f3n de todo tipo de servicios que IRAURGI LANTZEN SA acuerde con sus clientes, haci\u00e9ndose constar as\u00ed en los distintos documentos o anexos que se suscriban junto con las condiciones particulares aplicables a los mismos.<\/p>\n<p><strong>IDENTICACION DEL ENCARGADO DE TRATAMIENTO<\/strong><\/p>\n<p>Denominaci\u00f3n: <strong>IRAURGI LANTZEN SA<\/strong><\/p>\n<p>C.I.F.\/N.I.F.: <strong>A20180485<\/strong><\/p>\n<p>Domicilio Social: <strong>Insausti Jauregia, Julio Urkijo Etorbidea 25<\/strong><em>, <\/em><strong>20720<\/strong> <strong>Azkoitia ( Gipuzkoa)<\/strong><\/p>\n<p>Inscrita en el Registro mercantil de -Gipuzkoa, Hoja -SS 5208, Folio -, Tomo -1260 , Secci\u00f3n -8.<\/p>\n<p>Tel\u00e9fono: <strong>943851100<\/strong><\/p>\n<p>Correo electr\u00f3nico: <strong>info@iraurgiberritzen.eus<\/strong><\/p>\n<p><strong>1.-PROTECCION DE DATOS DE CARACTER PERSONAL<\/strong><\/p>\n<p>Mediante las presentes cl\u00e1usulas se establecen las condiciones que habilitan a IRAURGI LANTZEN SA ENCARGADO DE TRATAMIENTO, para el tratamiento, por cuenta de la empresa cliente , RESPONSABLE DE TRATAMIENTO, de los datos personales que se derivan de la prestaci\u00f3n de servicio contratado.<\/p>\n<p>IRAURGI LANTZEN SA tratar\u00e1 en la medida en la que la ejecuci\u00f3n lo haga imprescindible, datos personales de los que es responsable la empresa cliente . Asimismo, se pretende con estas condiciones dar cumplimiento a lo establecido en el art\u00edculo 33 de la Ley 3\/2018 de 5 de Diciembre de Protecci\u00f3n de Datos Personales y Garant\u00eda de los Derechos Digitales, y en el art. 28 del RGPD delimitando las obligaciones del RESPONSABLE y del ENCARGADO DE TRATAMIENTO.<\/p>\n<p>El tratamiento que se efect\u00faa consistir\u00e1 en la prestaci\u00f3n de los servicios de :<\/p>\n<p><strong>ENPLEU ARLOA- AREA DE EMPLEO Y FORMACION<\/strong><\/p>\n<p><strong>ENPRESA ARLOA-AREA EMPRESA<\/strong><\/p>\n<p><strong>HEZKUNTZA ARLOA- AREA DE EDUCACION<\/strong><\/p>\n<p><strong>EKITZAILETA SUN ARLOA-AREA DE EMPRENDIZAJE<\/strong><\/p>\n<p><strong>MERKATARITZA ARLOA-AREA DE COMERCIO<\/strong><\/p>\n<p><strong>TURISMO ARLOA-AREA DE TURISMO<\/strong><\/p>\n<p><strong>TOKIKO GARAPEN ARLOA.AREA DE DESARROLLO LOCAL<\/strong><\/p>\n<p>La empresa cliente como Responsable de Tratamiento autoriza a IRAURGI LANTZEN SA a tratar por su cuenta los datos de car\u00e1cter personal en la medida que ello resulta necesario para prestar el servicio indicado.<\/p>\n<p>Respecto de los datos indicados el IRAURGI LANTZEN SA podr\u00e1 tratar los datos personales adoptando aquellas decisiones que sean necesarias para la prestaci\u00f3n adecuada del servicio.<\/p>\n<ol start=\"2\">\n<li><strong> IDENTIFICACION DE LA INFORMACION AFECTADA<\/strong><\/li>\n<\/ol>\n<p>Para la ejecuci\u00f3n de las prestaciones derivadas del cumplimiento del objeto de este encargo, la empresa cliente como responsable del tratamiento ha puesto a disposici\u00f3n de IRAURGI LANTZEN SA, encargada del tratamiento, las siguientes categor\u00edas de datos personales:<\/p>\n<ul>\n<li>Categor\u00edas especiales de datos: No se tratan<\/li>\n<li>Datos de car\u00e1cter Identificativo: CIF\/NIF\/NIE ; Nombre y apellidos, Direcci\u00f3n, Telefono, Firma<\/li>\n<li>Otros tipos de datos: Datos econ\u00f3micos, financieros y de seguros, detalles del empleo, acad\u00e9micos y profesionales, caracter\u00edsticas personales.<\/li>\n<\/ul>\n<p>La informaci\u00f3n que se describe en el contrato principal o en el presupuesto aceptado, sin que esta descripci\u00f3n sea exhaustiva ni excluya otros documentos relacionados.<\/p>\n<ol start=\"3\">\n<li><strong> OBLIGACIONES DEL RESPONSABLE DE TRATAMIENTO<\/strong><\/li>\n<\/ol>\n<p>Corresponden al responsable de tratamiento:<\/p>\n<ol>\n<li>A) Facilitar al Encargado de Tratamiento el acceso a los datos objeto de encargo o entreg\u00e1rselos del modo que resulte oportuno para la correcta prestaci\u00f3n del servicio.<\/li>\n<li>B) Informar conforme a la normativa a los interesados cuyos datos sean objeto de tratamiento y haber obtenido de los mismos l\u00edcitamente su consentimiento expreso o contar con motivos leg\u00edtimos y acreditables para el mismo.<\/li>\n<li>C) Tener establecida la base legal que legitima el tratamiento.<\/li>\n<li>D) Disponer de mecanismos sencillos para que los interesados puedan ejercitar sus derechos.<\/li>\n<li>E) Contar con evaluaciones de riesgo, con un registro de los tratamientos y evaluaciones de impacto si fuera necesario por la naturaleza de los datos tratados.<\/li>\n<li>F) Tener habilitadas las medidas de seguridad adecuadas para salvaguardar los datos en la transmisi\u00f3n de los datos al encargado.<\/li>\n<li>G) Nombrar un delegado de protecci\u00f3n de datos en los casos que fuera obligatorio y comunicar su identidad al encargado.<\/li>\n<li>H) Velar, de forma previa y durante el tratamiento, por el cumplimiento del RGPD por parte del ENCARGADO DEL TRATAMIENTO.<\/li>\n<li>I) Supervisar el Tratamiento.<\/li>\n<\/ol>\n<ol start=\"4\">\n<li><strong>OBLIGACIONES DEL PRESTADOR DE SERVICIOS COMO ENCARGADO DEL TRATAMIENTO<\/strong><\/li>\n<\/ol>\n<p>IRAURGI LANTZEN SA se compromete a cumplir con lo dispuesto en la normativa europea y espa\u00f1ola de protecci\u00f3n de datos y se obliga a:<\/p>\n<p><u>4.1 INSTRUCCIONES USO Y COMUNICIACION DE LOS DATOS<\/u><\/p>\n<ol>\n<li>IRAURGI LANTZEN SA utilizar\u00e1 los datos personales objeto de tratamiento, o los que recoja para su inclusi\u00f3n, s\u00f3lo para la finalidad objeto de este encargo. En ning\u00fan caso podr\u00e1 utilizar los datos para fines propios.<\/li>\n<li>Tratar los datos de acuerdo con las instrucciones del responsable del tratamiento. Si el encargado del tratamiento considera que alguna de las instrucciones infringe el RGPD, la Ley 3\/2018 de 5 de Diciembre de Protecci\u00f3n de Datos Personales y Garant\u00eda de los Derechos Digitales o cualquier otra disposici\u00f3n en materia de protecci\u00f3n de datos de la Uni\u00f3n o de los Estados miembros, el Encargado del Tratamiento informar\u00e1 inmediatamente al responsable.<\/li>\n<li>IRAURGI LANTZEN SA se compromete a no copiar ni reproducir la informaci\u00f3n facilitada por el Responsable del Tratamiento salvo cuando sea necesario su tratamiento para las finalidades previstas en el contrato.<\/li>\n<li>IRAURGI LANTZEN SA no comunicar\u00e1 los datos a terceras personas, salvo aquellos si cuenta con la autorizaci\u00f3n expresa del responsable del tratamiento, o en los casos previstos en la ley. La cesi\u00f3n a terceros subcontratados se regula en otro apartado de este mismo documento.<\/li>\n<li>IRAURGI LANTZEN SA guardar\u00e1 por tiempo indefinido secreto sobre los datos personales objeto de tratamiento. Esta obligaci\u00f3n persiste tras la finalizaci\u00f3n del contrato.<\/li>\n<\/ol>\n<p><u>4.2 MEDIDAS DE SEGURIDAD.<\/u><\/p>\n<p>IRAURGI LANTZEN SA ha adoptado las medidas de seguridad adecuadas para salvaguardar la integridad de los datos a los que tiene acceso para la prestaci\u00f3n de servicio, y evitar su alteraci\u00f3n, perdida, acceso no autorizado Del mismo modo las medidas adoptadas garantizan la confidencialidad, la integridad y disponibilidad de la informaci\u00f3n, as\u00ed como la resiliencia permanente de los sistemas de tratamiento en caso de incidencia f\u00edsica o t\u00e9cnica. Las medidas con las que se cuenta de modo constante son las siguientes.<\/p>\n<p>4.2.1. Soportes. Existe una relaci\u00f3n actualizada del personal del encargado con acceso a los soportes. Si se han de producir traslados de soportes ente las instalaciones de encargado y responsable o viceversa se utilizan sistemas de etiquetado sensible, cifrado, encriptado o protecci\u00f3n por contrase\u00f1a, usando en el transporte de todo tipo de soportes mecanismos que obstaculizan la apertura acceso o manipulaci\u00f3n por personas no autorizadas.<\/p>\n<p>4.2.2 Incidencias. Cualquier incidencia que afecte a los datos personales ser\u00e1 comunicada de inmediato al responsable del tratamiento.<\/p>\n<p>4.2.3. Copias de respaldo. Si la prestaci\u00f3n de servicio contratada implica que los datos se almacenan en los sistemas de IRAURGI LANTZEN SA existir\u00e1 un procedimiento normalizado que garantice la realizaci\u00f3n de copias de seguridad, as\u00ed como mecanismos de comprobaci\u00f3n de la calidad de la misma con car\u00e1cter peri\u00f3dico.<\/p>\n<p>4.2.4. IRAURGI LANTZEN SA cuenta con un sistema que verifica, eval\u00faa y revisa de manera continua las medidas de seguridad.<\/p>\n<p><u>4.3 PERSONAL.<\/u><\/p>\n<p>El n\u00famero de personas que dependen de IRAURGI LANTZEN SA que trata los datos personales del responsable es limitado y conocido. Existe un listado actualizado de los trabajadores con acceso, que siempre son los imprescindibles para cumplir con el fin del contrato.<\/p>\n<p>Todo el personal de IRAURGI LANTZEN SA recibe formaci\u00f3n peri\u00f3dica en materia de confidencialidad y protecci\u00f3n de dato, conoce la normativa aplicable, sus obligaciones en la materia y las consecuencias del incumplimiento de la ley.<\/p>\n<p><u>4.4. REGISTRO DE ACTIVIDADES DE TRATAMIENTO<\/u><\/p>\n<p>IRAURGI LANTZEN SA lleva por escrito, un registro de todas las categor\u00edas de actividades de tratamiento efectuadas por cuenta del responsable, y este contiene:<\/p>\n<p>1.- El nombre y los datos de contacto del encargado y de cada responsable por cuenta del cual act\u00fae el encargado y, en su caso, del representante del responsable o del encargado y del delegado de protecci\u00f3n de datos.<\/p>\n<p>2.- Las categor\u00edas de tratamientos efectuados por cuenta de cada responsable.<\/p>\n<p>3.- En su caso, las transferencias de datos personales a un tercer pa\u00eds u organizaci\u00f3n internacional, incluida la identificaci\u00f3n de los mismos y, en el caso de las transferencias indicadas en el art\u00edculo 49 apartado 1, p\u00e1rrafo segundo del RGPD, la documentaci\u00f3n de garant\u00edas adecuadas.<\/p>\n<p><strong>5.- COMUNICACION A OTROS ENCARGADOS DE TRATAMIENTO<\/strong><strong>\u00a0<\/strong><\/p>\n<p>IRAURGI LANTZEN SA puede comunicar los datos a otros encargados del tratamiento del mismo Responsable del Tratamiento, de acuerdo con sus instrucciones. En este caso, el responsable identificar\u00e1, de forma previa y por escrito, la entidad a la que se deben comunicar los datos, los datos a comunicar y las medidas de seguridad a aplicar para proceder a la comunicaci\u00f3n.<\/p>\n<p>Si IRAURGI LANTZEN SA debe transferir datos personales a un tercer pa\u00eds o a una organizaci\u00f3n internacional, en virtud del Derecho de la Uni\u00f3n o de los Estados miembros que le sea aplicable, informar\u00e1 al responsable de esa exigencia legal de manera previa, salvo que tal Derecho lo proh\u00edba por razones importantes de inter\u00e9s p\u00fablico.<\/p>\n<p><strong>6.- SUBCONTRATACION<\/strong><\/p>\n<p>No est\u00e1 permitida la subcontrataci\u00f3n de las prestaciones que forman parte del objeto de este contrato que comporten el tratamiento de datos personales, salvo los servicios auxiliares necesarios para el normal funcionamiento de los servicios del encargado.<\/p>\n<p>Si fuera necesario subcontratar alg\u00fan tratamiento, este hecho se deber\u00e1 comunicar previamente y por escrito al responsable del tratamiento con una antelaci\u00f3n de DOS MESES, indicando los tratamientos que se pretende subcontratar e identificando de forma clara e inequ\u00edvoca la empresa subcontratista y sus datos de contacto. La subcontrataci\u00f3n podr\u00e1 llevarse a cabo si el responsable no manifiesta su oposici\u00f3n en el plazo establecido.<\/p>\n<p>El subcontratista, que tambi\u00e9n tendr\u00e1 la condici\u00f3n de encargado del tratamiento, est\u00e1 obligado igualmente a cumplir las obligaciones establecidas en este documento para IRAURGI LANTZEN SA como encargado del tratamiento y las instrucciones que dicte el responsable. Corresponde a IRAURGI LANTZEN SA inicial regular la nueva relaci\u00f3n de forma que el nuevo encargado quede sujeto a las mismas condiciones (instrucciones, obligaciones, medidas de seguridad\u2026) y con los mismos requisitos formales que \u00e9l, en lo referente al adecuado tratamiento de los datos personales y a la garant\u00eda de los derechos de las personas afectadas. En el caso de incumplimiento por parte del subencargado, IRAURGI LANTZEN SA como encargado inicial seguir\u00e1 siendo plenamente responsable ante el responsable<\/p>\n<p><strong>7.- DERECHOS DE LOS INTERESADOS<\/strong><\/p>\n<p>IRAURGI LANTZEN SA se compromete a asistir al responsable de tratamiento en la respuesta al ejercicio de los derechos de:<\/p>\n<p>1.- Acceso, rectificaci\u00f3n, supresi\u00f3n y oposici\u00f3n<\/p>\n<p>2.- Limitaci\u00f3n del tratamiento<\/p>\n<p>3.- Portabilidad de datos<\/p>\n<p>4.- No ser objeto de decisiones individualizadas automatizadas (incluida la elaboraci\u00f3n de perfiles)<\/p>\n<p>Cuando las personas afectadas ejerzan los derechos de acceso, rectificaci\u00f3n, supresi\u00f3n y oposici\u00f3n, limitaci\u00f3n del tratamiento, portabilidad de datos y a no ser objeto de decisiones individualizadas automatizadas, ante IRAURGI LANTZEN SA, \u00e9ste debe comunicarlo por correo electr\u00f3nico a la direcci\u00f3n habitual del responsable. La comunicaci\u00f3n se har\u00e1 de forma inmediata y en ning\u00fan caso m\u00e1s all\u00e1 de los 2 d\u00eda laborables siguiente al de la recepci\u00f3n de la solicitud, juntamente, en su caso, con otras informaciones que puedan ser relevantes para resolver la solicitud.<\/p>\n<p><strong>8.- NOTIFICACION DE VIOLACIONES DE LA SEGURIDAD DE LOS DATOS<\/strong><\/p>\n<p>IRAURGI LANTZEN SA como Encargado del Tratamiento notificar\u00e1 al Responsable del Tratamiento, sin dilaci\u00f3n indebida, y en cualquier caso antes del plazo m\u00e1ximo de 72 horas, y a trav\u00e9s de CORREO ELECTRONICO, las violaciones de la seguridad de los datos personales a su cargo de las que tenga conocimiento, juntamente con toda la informaci\u00f3n relevante para la documentaci\u00f3n y comunicaci\u00f3n de la incidencia.<\/p>\n<p>No ser\u00e1 necesaria la notificaci\u00f3n cuando sea improbable que dicha violaci\u00f3n de la seguridad constituya un riesgo para los derechos y las libertades de las personas f\u00edsicas.<\/p>\n<p>Si se dispone de ella se facilitar\u00e1, como m\u00ednimo, la informaci\u00f3n siguiente:<\/p>\n<ol>\n<li>a) Descripci\u00f3n de la naturaleza de la violaci\u00f3n de la seguridad de los datos personales, inclusive, cuando sea posible, las categor\u00edas y el n\u00famero aproximado de interesados afectados, y las categor\u00edas y el n\u00famero aproximado de registros de datos personales afectados.<\/li>\n<li>b) El nombre y los datos de contacto del delegado de protecci\u00f3n de datos o de otro punto de contacto en el que pueda obtenerse m\u00e1s informaci\u00f3n.<\/li>\n<li>c) Descripci\u00f3n de las posibles consecuencias de la violaci\u00f3n de la seguridad de los datos personales.<\/li>\n<li>d) Descripci\u00f3n de las medidas adoptadas o propuestas para poner remedio a la violaci\u00f3n de la seguridad de los datos personales, incluyendo, si procede, las medidas adoptadas para mitigar los posibles efectos negativos.<\/li>\n<\/ol>\n<p>Si no es posible facilitar la informaci\u00f3n simult\u00e1neamente, y en la medida en que no lo sea, la informaci\u00f3n se facilitar\u00e1 de manera gradual sin dilaci\u00f3n indebida.<\/p>\n<p>El Responsable del Tratamiento ser\u00e1 quien deba de realizar las comunicaciones a la Agencia de Protecci\u00f3n de datos o a los interesados.<\/p>\n<p><strong>9.- COLABORACION CON EL RESPONSABLE<\/strong><\/p>\n<p>IRAURGI LANTZEN SA se compromete a:<\/p>\n<ol>\n<li>a) Dar apoyo al responsable del Tratamiento en la realizaci\u00f3n de las evaluaciones de impacto relativas a la protecci\u00f3n de datos, cuando proceda.<\/li>\n<li>b) Apoyar al Responsable del Tratamiento en la realizaci\u00f3n de las consultas previas a la autoridad de control, cuando proceda.<\/li>\n<li>c) Poner disposici\u00f3n del responsable del Tratamiento toda la informaci\u00f3n y evidencias necesarias para demostrar el cumplimiento de sus obligaciones, as\u00ed como para la realizaci\u00f3n de las auditor\u00edas o las inspecciones que realicen el responsable u otro auditor autorizado por \u00e9l.<\/li>\n<li>d) Designar un delegado de protecci\u00f3n de datos y comunicar su identidad y datos de contacto al responsable. Esta obligaci\u00f3n solo existir\u00e1 en los casos establecidos en la normativa<\/li>\n<\/ol>\n<p><strong>10.- FINALIZACION DE LA RELACION <\/strong><strong>\u00a0<\/strong><\/p>\n<p>Una vez cumplida la prestaci\u00f3n, conforme a lo establecido en el contrato, el IRAURGI LANTZEN SA a elecci\u00f3n del Responsable del Tratamiento proceder\u00e1 a:<\/p>\n<ul>\n<li>Devolver al Responsable del Tratamiento los datos de car\u00e1cter personal y, si procede, los soportes donde estos consten. La devoluci\u00f3n comportar\u00e1 el borrado total de los datos existentes en los equipos inform\u00e1ticos utilizados por el encargado.<\/li>\n<li>Entregar a otro encargado que designe por escrito el responsable del tratamiento, los datos de car\u00e1cter personal y, si procede, los soportes donde consten. La devoluci\u00f3n debe comportar el borrado total de los datos existentes en los equipos inform\u00e1ticos utilizados por el encargado.<\/li>\n<li>Destruir los datos, una vez cumplida la prestaci\u00f3n. Una vez destruidos, el encargado debe certificar su destrucci\u00f3n por escrito y debe entregar el certificado al responsable del tratamiento.<\/li>\n<\/ul>\n<p>No obstante, el encargado puede conservar una copia, con los datos debidamente boqueados, mientras puedan derivarse responsabilidades de la ejecuci\u00f3n de la prestaci\u00f3n.<\/p>\n","protected":false},"excerpt":{"rendered":"<p>CONDICIONES GENERALES SOBRE PROTECCION DE DATOS APLICABLES A TODO TIPO DE CONTRATOS AMBITO DE APLICACION DE ESTAS CONDICIONES GENERALES Las presentes condiciones generales se aplican a la contrataci\u00f3n de todo tipo de servicios que IRAURGI LANTZEN SA acuerde con sus clientes, haci\u00e9ndose constar as\u00ed en los distintos documentos o anexos que se suscriban junto con [&hellip;]<\/p>\n","protected":false},"author":4,"featured_media":0,"parent":0,"menu_order":0,"comment_status":"closed","ping_status":"closed","template":"","meta":{"_acf_changed":false,"footnotes":""},"class_list":["post-25323","page","type-page","status-publish","hentry"],"acf":[],"yoast_head":"<!-- This site is optimized with the Yoast SEO plugin v27.4 - https:\/\/yoast.com\/product\/yoast-seo-wordpress\/ -->\n<title>Condiciones Generales - Iraurgi Berritzen<\/title>\n<meta name=\"robots\" content=\"noindex, nofollow\" \/>\n<meta property=\"og:locale\" content=\"es_ES\" \/>\n<meta property=\"og:type\" content=\"article\" \/>\n<meta property=\"og:title\" content=\"Condiciones Generales - Iraurgi Berritzen\" \/>\n<meta property=\"og:description\" content=\"CONDICIONES GENERALES SOBRE PROTECCION DE DATOS APLICABLES A TODO TIPO DE CONTRATOS AMBITO DE APLICACION DE ESTAS CONDICIONES GENERALES Las presentes condiciones generales se aplican a la contrataci\u00f3n de todo tipo de servicios que IRAURGI LANTZEN SA acuerde con sus clientes, haci\u00e9ndose constar as\u00ed en los distintos documentos o anexos que se suscriban junto con [&hellip;]\" \/>\n<meta property=\"og:url\" content=\"https:\/\/iraurgiberritzen.eus\/es\/condiciones-generales\/\" \/>\n<meta property=\"og:site_name\" content=\"Iraurgi Berritzen\" \/>\n<meta property=\"article:modified_time\" content=\"2026-02-11T12:15:30+00:00\" \/>\n<meta name=\"twitter:card\" content=\"summary_large_image\" \/>\n<meta name=\"twitter:label1\" content=\"Tiempo de lectura\" \/>\n\t<meta name=\"twitter:data1\" content=\"13 minutos\" \/>\n<script type=\"application\/ld+json\" class=\"yoast-schema-graph\">{\"@context\":\"https:\\\/\\\/schema.org\",\"@graph\":[{\"@type\":\"WebPage\",\"@id\":\"https:\\\/\\\/iraurgiberritzen.eus\\\/es\\\/condiciones-generales\\\/\",\"url\":\"https:\\\/\\\/iraurgiberritzen.eus\\\/es\\\/condiciones-generales\\\/\",\"name\":\"Condiciones Generales - Iraurgi Berritzen\",\"isPartOf\":{\"@id\":\"https:\\\/\\\/iraurgiberritzen.eus\\\/es\\\/#website\"},\"datePublished\":\"2025-11-25T13:19:34+00:00\",\"dateModified\":\"2026-02-11T12:15:30+00:00\",\"breadcrumb\":{\"@id\":\"https:\\\/\\\/iraurgiberritzen.eus\\\/es\\\/condiciones-generales\\\/#breadcrumb\"},\"inLanguage\":\"es\",\"potentialAction\":[{\"@type\":\"ReadAction\",\"target\":[\"https:\\\/\\\/iraurgiberritzen.eus\\\/es\\\/condiciones-generales\\\/\"]}]},{\"@type\":\"BreadcrumbList\",\"@id\":\"https:\\\/\\\/iraurgiberritzen.eus\\\/es\\\/condiciones-generales\\\/#breadcrumb\",\"itemListElement\":[{\"@type\":\"ListItem\",\"position\":1,\"name\":\"Home\",\"item\":\"https:\\\/\\\/iraurgiberritzen.eus\\\/es\\\/\"},{\"@type\":\"ListItem\",\"position\":2,\"name\":\"Condiciones Generales\"}]},{\"@type\":\"WebSite\",\"@id\":\"https:\\\/\\\/iraurgiberritzen.eus\\\/es\\\/#website\",\"url\":\"https:\\\/\\\/iraurgiberritzen.eus\\\/es\\\/\",\"name\":\"Iraurgi Berritzen\",\"description\":\"Urola Erdiko Garapen Agentzia\",\"publisher\":{\"@id\":\"https:\\\/\\\/iraurgiberritzen.eus\\\/es\\\/#organization\"},\"potentialAction\":[{\"@type\":\"SearchAction\",\"target\":{\"@type\":\"EntryPoint\",\"urlTemplate\":\"https:\\\/\\\/iraurgiberritzen.eus\\\/es\\\/?s={search_term_string}\"},\"query-input\":{\"@type\":\"PropertyValueSpecification\",\"valueRequired\":true,\"valueName\":\"search_term_string\"}}],\"inLanguage\":\"es\"},{\"@type\":\"Organization\",\"@id\":\"https:\\\/\\\/iraurgiberritzen.eus\\\/es\\\/#organization\",\"name\":\"Iraurgi Berritzen\",\"url\":\"https:\\\/\\\/iraurgiberritzen.eus\\\/es\\\/\",\"logo\":{\"@type\":\"ImageObject\",\"inLanguage\":\"es\",\"@id\":\"https:\\\/\\\/iraurgiberritzen.eus\\\/es\\\/#\\\/schema\\\/logo\\\/image\\\/\",\"url\":\"https:\\\/\\\/iraurgiberritzen.eus\\\/wp-content\\\/uploads\\\/2024\\\/02\\\/IRAURGI-BERRITZEN-logotipoa_2.png\",\"contentUrl\":\"https:\\\/\\\/iraurgiberritzen.eus\\\/wp-content\\\/uploads\\\/2024\\\/02\\\/IRAURGI-BERRITZEN-logotipoa_2.png\",\"width\":496,\"height\":190,\"caption\":\"Iraurgi Berritzen\"},\"image\":{\"@id\":\"https:\\\/\\\/iraurgiberritzen.eus\\\/es\\\/#\\\/schema\\\/logo\\\/image\\\/\"}}]}<\/script>\n<!-- \/ Yoast SEO plugin. -->","yoast_head_json":{"title":"Condiciones Generales - Iraurgi Berritzen","robots":{"index":"noindex","follow":"nofollow"},"og_locale":"es_ES","og_type":"article","og_title":"Condiciones Generales - Iraurgi Berritzen","og_description":"CONDICIONES GENERALES SOBRE PROTECCION DE DATOS APLICABLES A TODO TIPO DE CONTRATOS AMBITO DE APLICACION DE ESTAS CONDICIONES GENERALES Las presentes condiciones generales se aplican a la contrataci\u00f3n de todo tipo de servicios que IRAURGI LANTZEN SA acuerde con sus clientes, haci\u00e9ndose constar as\u00ed en los distintos documentos o anexos que se suscriban junto con [&hellip;]","og_url":"https:\/\/iraurgiberritzen.eus\/es\/condiciones-generales\/","og_site_name":"Iraurgi Berritzen","article_modified_time":"2026-02-11T12:15:30+00:00","twitter_card":"summary_large_image","twitter_misc":{"Tiempo de lectura":"13 minutos"},"schema":{"@context":"https:\/\/schema.org","@graph":[{"@type":"WebPage","@id":"https:\/\/iraurgiberritzen.eus\/es\/condiciones-generales\/","url":"https:\/\/iraurgiberritzen.eus\/es\/condiciones-generales\/","name":"Condiciones Generales - Iraurgi Berritzen","isPartOf":{"@id":"https:\/\/iraurgiberritzen.eus\/es\/#website"},"datePublished":"2025-11-25T13:19:34+00:00","dateModified":"2026-02-11T12:15:30+00:00","breadcrumb":{"@id":"https:\/\/iraurgiberritzen.eus\/es\/condiciones-generales\/#breadcrumb"},"inLanguage":"es","potentialAction":[{"@type":"ReadAction","target":["https:\/\/iraurgiberritzen.eus\/es\/condiciones-generales\/"]}]},{"@type":"BreadcrumbList","@id":"https:\/\/iraurgiberritzen.eus\/es\/condiciones-generales\/#breadcrumb","itemListElement":[{"@type":"ListItem","position":1,"name":"Home","item":"https:\/\/iraurgiberritzen.eus\/es\/"},{"@type":"ListItem","position":2,"name":"Condiciones Generales"}]},{"@type":"WebSite","@id":"https:\/\/iraurgiberritzen.eus\/es\/#website","url":"https:\/\/iraurgiberritzen.eus\/es\/","name":"Iraurgi Berritzen","description":"Urola Erdiko Garapen Agentzia","publisher":{"@id":"https:\/\/iraurgiberritzen.eus\/es\/#organization"},"potentialAction":[{"@type":"SearchAction","target":{"@type":"EntryPoint","urlTemplate":"https:\/\/iraurgiberritzen.eus\/es\/?s={search_term_string}"},"query-input":{"@type":"PropertyValueSpecification","valueRequired":true,"valueName":"search_term_string"}}],"inLanguage":"es"},{"@type":"Organization","@id":"https:\/\/iraurgiberritzen.eus\/es\/#organization","name":"Iraurgi Berritzen","url":"https:\/\/iraurgiberritzen.eus\/es\/","logo":{"@type":"ImageObject","inLanguage":"es","@id":"https:\/\/iraurgiberritzen.eus\/es\/#\/schema\/logo\/image\/","url":"https:\/\/iraurgiberritzen.eus\/wp-content\/uploads\/2024\/02\/IRAURGI-BERRITZEN-logotipoa_2.png","contentUrl":"https:\/\/iraurgiberritzen.eus\/wp-content\/uploads\/2024\/02\/IRAURGI-BERRITZEN-logotipoa_2.png","width":496,"height":190,"caption":"Iraurgi Berritzen"},"image":{"@id":"https:\/\/iraurgiberritzen.eus\/es\/#\/schema\/logo\/image\/"}}]}},"_links":{"self":[{"href":"https:\/\/iraurgiberritzen.eus\/es\/wp-json\/wp\/v2\/pages\/25323","targetHints":{"allow":["GET"]}}],"collection":[{"href":"https:\/\/iraurgiberritzen.eus\/es\/wp-json\/wp\/v2\/pages"}],"about":[{"href":"https:\/\/iraurgiberritzen.eus\/es\/wp-json\/wp\/v2\/types\/page"}],"author":[{"embeddable":true,"href":"https:\/\/iraurgiberritzen.eus\/es\/wp-json\/wp\/v2\/users\/4"}],"replies":[{"embeddable":true,"href":"https:\/\/iraurgiberritzen.eus\/es\/wp-json\/wp\/v2\/comments?post=25323"}],"version-history":[{"count":2,"href":"https:\/\/iraurgiberritzen.eus\/es\/wp-json\/wp\/v2\/pages\/25323\/revisions"}],"predecessor-version":[{"id":25333,"href":"https:\/\/iraurgiberritzen.eus\/es\/wp-json\/wp\/v2\/pages\/25323\/revisions\/25333"}],"wp:attachment":[{"href":"https:\/\/iraurgiberritzen.eus\/es\/wp-json\/wp\/v2\/media?parent=25323"}],"curies":[{"name":"wp","href":"https:\/\/api.w.org\/{rel}","templated":true}]}}